{"id":490,"date":"2023-04-13T19:28:30","date_gmt":"2023-04-13T22:28:30","guid":{"rendered":"https:\/\/galesesenpatagonia.com.ar\/tienda\/?post_type=product&#038;p=490"},"modified":"2025-02-14T08:42:47","modified_gmt":"2025-02-14T11:42:47","slug":"el-legado-descargable-portugues","status":"publish","type":"product","link":"https:\/\/galesesenpatagonia.com.ar\/tienda\/producto\/el-legado-descargable-portugues\/","title":{"rendered":"El Legado Descargable &#8211; Portugu\u00e9s"},"content":{"rendered":"<p class=\"p1\"><strong><span class=\"s1\">Document\u00e1rio produzido por Randal Williams em castelhano, Portugu\u00eas, Ingl\u00eas e gal\u00eas.<\/span><\/strong><\/p>\n<p class=\"p1\"><span class=\"s1\">Um tributo para o 150\u00ba anivers\u00e1rio das imagens \u00e9picas de Gales.<\/span><\/p>\n<p class=\"p1\"><span class=\"s1\">Uma an\u00e1lise por tempo da adversidade ele tinha que passar esse grupo de pioneiros em sua jornada do Pa\u00eds de Gales no final do s\u00e9culo 19, a costa da Patag\u00f4nia Argentina para encontrar o seu lugar no mundo.<\/span><\/p>\n","protected":false},"excerpt":{"rendered":"<p class=\"p1\"><strong><span class=\"s1\">Document\u00e1rio produzido por Randal Williams em castelhano, Portugu\u00eas, Ingl\u00eas e gal\u00eas.<\/span><\/strong><\/p>\n<p class=\"p1\"><span class=\"s1\"><strong>Um tributo para o 150\u00ba anivers\u00e1rio das imagens \u00e9picas de Gales<\/strong>.<\/span><\/p>\n<p class=\"p1\"><span class=\"s1\">Uma an\u00e1lise por tempo da adversidade ele tinha que passar esse grupo de pioneiros em sua jornada do Pa\u00eds de Gales no final do s\u00e9culo 19, a costa da Patag\u00f4nia Argentina para encontrar o seu lugar no mundo.<\/span><\/p>\n","protected":false},"featured_media":488,"comment_status":"open","ping_status":"closed","template":"","meta":[],"product_brand":[],"product_cat":[22],"product_tag":[26,25,27,28,29,24],"class_list":{"0":"post-490","1":"product","2":"type-product","3":"status-publish","4":"has-post-thumbnail","6":"product_cat-el-legado-digital","7":"product_tag-descargable","8":"product_tag-digital","9":"product_tag-el-legado","10":"product_tag-galeses","11":"product_tag-patagonia","12":"product_tag-video","14":"first","15":"instock","16":"downloadable","17":"virtual","18":"purchasable","19":"product-type-simple"},"_links":{"self":[{"href":"https:\/\/galesesenpatagonia.com.ar\/tienda\/wp-json\/wp\/v2\/product\/490","targetHints":{"allow":["GET"]}}],"collection":[{"href":"https:\/\/galesesenpatagonia.com.ar\/tienda\/wp-json\/wp\/v2\/product"}],"about":[{"href":"https:\/\/galesesenpatagonia.com.ar\/tienda\/wp-json\/wp\/v2\/types\/product"}],"replies":[{"embeddable":true,"href":"https:\/\/galesesenpatagonia.com.ar\/tienda\/wp-json\/wp\/v2\/comments?post=490"}],"wp:featuredmedia":[{"embeddable":true,"href":"https:\/\/galesesenpatagonia.com.ar\/tienda\/wp-json\/wp\/v2\/media\/488"}],"wp:attachment":[{"href":"https:\/\/galesesenpatagonia.com.ar\/tienda\/wp-json\/wp\/v2\/media?parent=490"}],"wp:term":[{"taxonomy":"product_brand","embeddable":true,"href":"https:\/\/galesesenpatagonia.com.ar\/tienda\/wp-json\/wp\/v2\/product_brand?post=490"},{"taxonomy":"product_cat","embeddable":true,"href":"https:\/\/galesesenpatagonia.com.ar\/tienda\/wp-json\/wp\/v2\/product_cat?post=490"},{"taxonomy":"product_tag","embeddable":true,"href":"https:\/\/galesesenpatagonia.com.ar\/tienda\/wp-json\/wp\/v2\/product_tag?post=490"}],"curies":[{"name":"wp","href":"https:\/\/api.w.org\/{rel}","templated":true}]}}