{"id":505,"date":"2023-04-17T18:31:41","date_gmt":"2023-04-17T21:31:41","guid":{"rendered":"https:\/\/galesesenpatagonia.com.ar\/tienda\/?post_type=product&#038;p=505"},"modified":"2024-11-11T10:02:15","modified_gmt":"2024-11-11T13:02:15","slug":"el-legado-en-dvd-correo-pais","status":"publish","type":"product","link":"https:\/\/galesesenpatagonia.com.ar\/tienda\/producto\/el-legado-en-dvd-correo-pais\/","title":{"rendered":"El Legado en DVD &#8211; Env\u00edo por correo"},"content":{"rendered":"<p><strong>Documental producido por Randal Williams en Castellano, Portugu\u00e9s, Ingl\u00e9s y Gal\u00e9s.<\/strong><\/p>\n<p><strong>Un homenaje por los 150 a\u00f1os de la gesta Galesa en im\u00e1genes.<\/strong><\/p>\n<p>Un an\u00e1lisis de \u00e9poca de las adversidades por la que tuvo que pasar este grupo de pioneros en su viaje desde Gales a fines del siglo 19 a las costas de la Patagonia Argentina para encontrar su lugar en el mundo.<\/p>\n<p><strong>Material en 4 idiomas<\/strong><\/p>\n<p><strong>Portugues<\/strong><\/p>\n<p>Document\u00e1rio produzido por Randal Williams em castelhano, Portugu\u00eas, Ingl\u00eas e gal\u00eas.<br \/>\nUm tributo para o 150\u00ba anivers\u00e1rio das imagens \u00e9picas de Gales.<br \/>\nUma an\u00e1lise por tempo da adversidade ele tinha que passar esse grupo de pioneiros em sua jornada do Pa\u00eds de Gales no final do s\u00e9culo 19, a costa da Patag\u00f4nia Argentina para encontrar o seu lugar no mundo.<\/p>\n<p><strong>English<\/strong><\/p>\n<p>Documentary produced by Randal Williams in English.<br \/>\nA tribute for the 150th anniversary of the Welsh epic images.<br \/>\nAn analysis by time of adversity he had to pass this group of pioneers on their journey from Wales in the late 19th century the coast of Patagonia Argentina to find their place in the world.<\/p>\n<p><strong>Espa\u00f1ol<\/strong><\/p>\n<p>Documental producido por Randal Williams en Castellano.<br \/>\nUn homenaje por los 150 a\u00f1os de la gesta Galesa en im\u00e1genes.<br \/>\nUn an\u00e1lisis de \u00e9poca de las adversidades por la que tuvo que pasar este grupo de pioneros en su viaje desde Gales a fines del siglo 19 a las costas de la Patagonia Argentina para encontrar su lugar en el mundo.<\/p>\n<p><strong>Welsh<\/strong><br \/>\nDocumentary gynhyrchwyd gan Randal Williams yn Castilian, Portiwgaleg, Saesneg a Chymraeg.<br \/>\nTeyrnged i 150 mlynedd ers y delweddau epig Cymreig.<br \/>\nMae dadansoddiad yn \u00f4l amser adfyd roedd yn rhaid iddo basio gr\u0175p hwn o arloeswyr ar eu taith o Gymru ar ddiwedd y 19eg ganrif arfordir Patagonia Ariannin i ddod o hyd i&#8217;w lle yn y byd.<\/p>\n","protected":false},"excerpt":{"rendered":"<ul>\n<li><strong>Precio expresado en U$ (d\u00f3lar estadounidense) <\/strong><\/li>\n<li><strong>Env\u00edo a todo el territorio argentino.<\/strong><\/li>\n<li><strong>Material en 4 idiomas<\/strong><\/li>\n<\/ul>\n<p><strong>Portugu\u00e9s &#8211; Ingl\u00e9s &#8211; Gal\u00e9s &#8211; Castellano<\/strong><\/p>\n<p>Un homenaje por los 150 a\u00f1os de la gesta Galesa en im\u00e1genes.<br \/>\nUn an\u00e1lisis de \u00e9poca de las adversidades por la que tuvo que pasar este grupo de pioneros en su viaje desde Gales a fines del siglo 19 a las costas de la Patagonia Argentina para encontrar su lugar en el mundo.<\/p>\n","protected":false},"featured_media":494,"comment_status":"open","ping_status":"closed","template":"","meta":[],"product_brand":[],"product_cat":[23],"product_tag":[27,28,29,32],"class_list":{"0":"post-505","1":"product","2":"type-product","3":"status-publish","4":"has-post-thumbnail","6":"product_cat-el-legado-en-dvd","7":"product_tag-el-legado","8":"product_tag-galeses","9":"product_tag-patagonia","10":"product_tag-videos","12":"first","13":"instock","14":"featured","15":"shipping-taxable","16":"purchasable","17":"product-type-simple"},"_links":{"self":[{"href":"https:\/\/galesesenpatagonia.com.ar\/tienda\/wp-json\/wp\/v2\/product\/505","targetHints":{"allow":["GET"]}}],"collection":[{"href":"https:\/\/galesesenpatagonia.com.ar\/tienda\/wp-json\/wp\/v2\/product"}],"about":[{"href":"https:\/\/galesesenpatagonia.com.ar\/tienda\/wp-json\/wp\/v2\/types\/product"}],"replies":[{"embeddable":true,"href":"https:\/\/galesesenpatagonia.com.ar\/tienda\/wp-json\/wp\/v2\/comments?post=505"}],"wp:featuredmedia":[{"embeddable":true,"href":"https:\/\/galesesenpatagonia.com.ar\/tienda\/wp-json\/wp\/v2\/media\/494"}],"wp:attachment":[{"href":"https:\/\/galesesenpatagonia.com.ar\/tienda\/wp-json\/wp\/v2\/media?parent=505"}],"wp:term":[{"taxonomy":"product_brand","embeddable":true,"href":"https:\/\/galesesenpatagonia.com.ar\/tienda\/wp-json\/wp\/v2\/product_brand?post=505"},{"taxonomy":"product_cat","embeddable":true,"href":"https:\/\/galesesenpatagonia.com.ar\/tienda\/wp-json\/wp\/v2\/product_cat?post=505"},{"taxonomy":"product_tag","embeddable":true,"href":"https:\/\/galesesenpatagonia.com.ar\/tienda\/wp-json\/wp\/v2\/product_tag?post=505"}],"curies":[{"name":"wp","href":"https:\/\/api.w.org\/{rel}","templated":true}]}}